{"id":4843,"date":"2021-12-07T16:24:20","date_gmt":"2021-12-07T15:24:20","guid":{"rendered":"https:\/\/www.bakkeraustralianlabradoodle.com\/?page_id=4843"},"modified":"2021-12-07T16:58:54","modified_gmt":"2021-12-07T15:58:54","slug":"over-ons","status":"publish","type":"page","link":"https:\/\/pattybakker.nl\/en\/over-ons\/","title":{"rendered":"About us"},"content":{"rendered":"<h2>\n\t\tABOUT US\n\t<\/h2>\n\t<p>We are a small family business, specializing exclusively in Australian Labradoodles, our dogs come from some of the most respected &amp; desirable lines.<\/p>\n<p>We are extremely proud of the quality we breed; they are an excellent representation of the breed. All our Doodles are raised as part of the family, which you will certainly see in the social character of the puppies.<\/p>\n<p>We are located in Son &amp; Breugel in the south of the Netherlands. We breed for quality, not quantity.<\/p>\n<p>We fokken mini&#8217;s en kleine mediums, de kleuren vari\u00ebren van Wit, cr\u00e8me, apricot cr\u00e8me, apricot, rood, zilver, gold, blue, zwart, chocolate, cafe, parchment en phantum.<\/p>\n<p>&nbsp;<\/p>\n<p>Wanneer je onze Doodles ontmoet, word je op slag verliefd. Hun kenmerkende &#8217;trouwe&#8217; ogen, lief gezicht,\u00a0 heerlijke persoonlijkheid en aanhankelijke aard, ze zijn geweldig met kinderen en andere honden.<\/p>\n<p>We are a dog loving family and we fell in love with the Doodles many years ago and now focus on researching, caring for and breeding the highest quality Australian Labradoodle. Each of our Doodles are unique, varying in color, size and personality.<\/p>\n<p>&nbsp;<\/p>\n<p>Onze Doodles worden met liefde in ons huis behandeld, voorgewend en gesocialiseerd. We voeren voedsel van hoge kwaliteit. Onze honden en puppy&#8217;s krijgen de beste veterinaire zorg door een Top team van specialisten, waaronder; Pre-breeding gezondheidsexamens, progesteron testen, TCI (trans-cervicale inseminatie) echografie, r\u00f6ntgen. Onze Doodles zijn dan ook op het volgende gekeurd , Heupen \u2022 Ellebogen \u2022 Patella&#8217;s \u2022 Jaarlijkse oogtest \u2022 PRA\/PRCD \u2022 Van Willebrand \u2022 DNA-profiel is vastgelegd.<\/p>\n<p>&nbsp;<\/p>\n<p>Onze Doodle pups groeien op bij ons in huis met onze andere Doodles, en krijgen tot dat ze het nestje mogen verlaten alle 24\/7\u00a0 zorg en aandacht die een pup hoort te krijgen , naast al deze zorg krijgen ze ook nog uitgebreide gezondheidsexamens en zijn op de hoogte van al hun gezondheidsbehoeften, waaronder controles door dierenartsen, vaccinaties en worden netjes met een schema ontwormd voordat ze naar hun nieuwe huis gaan. Onze puppy&#8217;s krijgen een gezondheidsgarantie van \u00e9\u00e9n jaar. Zij zullen geregistreerd zijn bij de WALA en zullen daar ook een stamboom van krijgen .<\/p>\n<p>&nbsp;<\/p>\n<p>Als u ge\u00efnteresseerd bent in een Australian Labradoodle uit onze kennel, neem dan gerust contact met ons op. Wilt u vrijblijvend komen kijken&#8230;dat kan wij zijn enorm trots op onze honden en willen dat graag met u delen..<\/p>\n<p>&nbsp;<\/p>\n<p>Sincerely,<\/p>\n<p>&nbsp;<\/p>\n<p>Patty Baker<\/p>\n<h2>\n\t\tLatest photos\n\t<\/h2>\n\t\t\t\t\t\t\t\t\t\t\t\t\t\t\t\t\t<a href=\"https:\/\/pattybakker.nl\/wp-content\/uploads\/2021\/11\/IMG-20210625-WA0067-1024x707.jpg\" target=\"_self\" data-caption=\"\" rel=\"noopener\">\n\t\t\t\t\t\t<figure>\n\t\t\t\t\t\t\t<img decoding=\"async\" src=\"https:\/\/pattybakker.nl\/wp-content\/uploads\/2021\/11\/IMG-20210625-WA0067-300x300.jpg\" alt=\"\" \/>\n\t\t\t\t\t\t<\/figure>\n\t\t\t\t\t\t\t\t\t\t<\/a>\n\t\t\t\t\t\t\t\t\t\t\t\t\t\t\t\t\t<a href=\"https:\/\/pattybakker.nl\/wp-content\/uploads\/2021\/11\/IMG-20210215-WA0016-1-1024x723.jpg\" target=\"_self\" data-caption=\"\" rel=\"noopener\">\n\t\t\t\t\t\t<figure>\n\t\t\t\t\t\t\t<img decoding=\"async\" src=\"https:\/\/pattybakker.nl\/wp-content\/uploads\/2021\/11\/IMG-20210215-WA0016-1-300x300.jpg\" alt=\"\" \/>\n\t\t\t\t\t\t<\/figure>\n\t\t\t\t\t\t\t\t\t\t<\/a>\n\t\t\t\t\t\t\t\t\t\t\t\t\t\t\t\t\t<a href=\"https:\/\/pattybakker.nl\/wp-content\/uploads\/2021\/11\/20210930_174034.jpg\" target=\"_self\" data-caption=\"\" rel=\"noopener\">\n\t\t\t\t\t\t<figure>\n\t\t\t\t\t\t\t<img decoding=\"async\" src=\"https:\/\/pattybakker.nl\/wp-content\/uploads\/2021\/11\/20210930_174034.jpg\" alt=\"\" \/>\n\t\t\t\t\t\t<\/figure>\n\t\t\t\t\t\t\t\t\t\t<\/a>\n\t\t\t\t\t\t\t\t\t\t\t\t\t\t\t\t\t<a href=\"https:\/\/pattybakker.nl\/wp-content\/uploads\/2021\/11\/Naamloos-1.jpg\" target=\"_self\" data-caption=\"\" rel=\"noopener\">\n\t\t\t\t\t\t<figure>\n\t\t\t\t\t\t\t<img decoding=\"async\" src=\"https:\/\/pattybakker.nl\/wp-content\/uploads\/2021\/11\/Naamloos-1-300x300.jpg\" alt=\"\" \/>\n\t\t\t\t\t\t<\/figure>\n\t\t\t\t\t\t\t\t\t\t<\/a>\n\t\t\t\t\t\t\t\t\t\t\t\t\t\t\t\t\t<a href=\"https:\/\/pattybakker.nl\/wp-content\/uploads\/2021\/09\/20210919_194455-1-scaled-2-1024x400.jpg\" target=\"_self\" data-caption=\"\" rel=\"noopener\">\n\t\t\t\t\t\t<figure>\n\t\t\t\t\t\t\t<img decoding=\"async\" src=\"https:\/\/pattybakker.nl\/wp-content\/uploads\/2021\/09\/20210919_194455-1-scaled-2-300x300.jpg\" alt=\"\" \/>\n\t\t\t\t\t\t<\/figure>\n\t\t\t\t\t\t\t\t\t\t<\/a>\n\t\t\t\t\t\t\t\t\t\t\t\t\t\t\t\t\t<a href=\"https:\/\/pattybakker.nl\/wp-content\/uploads\/2021\/03\/groepweb-2.jpg\" target=\"_self\" data-caption=\"\" rel=\"noopener\">\n\t\t\t\t\t\t<figure>\n\t\t\t\t\t\t\t<img decoding=\"async\" src=\"https:\/\/pattybakker.nl\/wp-content\/uploads\/2021\/03\/groepweb-2-300x300.jpg\" alt=\"\" \/>\n\t\t\t\t\t\t<\/figure>\n\t\t\t\t\t\t\t\t\t\t<\/a>\n\t\t\t\t\t\t<!-- pagination -->","protected":false},"excerpt":{"rendered":"<p>OVER ONS Wij zijn een klein familiebedrijf, gespecialiseerd uitsluitend in Australian Labradoodles, onze honden komen uit enkele van de meest gerespecteerde &amp; wenselijke lijnen. We zijn enorm trots op de kwaliteit die we fokken; ze zijn een uitstekende weergave van het ras. Al onze Doodles worden opgevoed als onderdeel van het gezin, wat je dan&hellip;<\/p>","protected":false},"author":8,"featured_media":0,"parent":0,"menu_order":0,"comment_status":"closed","ping_status":"closed","template":"","meta":{"footnotes":""},"class_list":["post-4843","page","type-page","status-publish","hentry"],"yoast_head":"<!-- This site is optimized with the Yoast SEO plugin v27.2 - https:\/\/yoast.com\/product\/yoast-seo-wordpress\/ -->\n<title>Over ons - Bakker Australian Labra Doodle<\/title>\n<meta name=\"robots\" content=\"index, follow, max-snippet:-1, max-image-preview:large, max-video-preview:-1\" \/>\n<link rel=\"canonical\" href=\"https:\/\/pattybakker.nl\/en\/over-ons\/\" \/>\n<meta property=\"og:locale\" content=\"en_GB\" \/>\n<meta property=\"og:type\" content=\"article\" \/>\n<meta property=\"og:title\" content=\"Over ons - Bakker Australian Labra Doodle\" \/>\n<meta property=\"og:description\" content=\"OVER ONS Wij zijn een klein familiebedrijf, gespecialiseerd uitsluitend in Australian Labradoodles, onze honden komen uit enkele van de meest gerespecteerde &amp; wenselijke lijnen. We zijn enorm trots op de kwaliteit die we fokken; ze zijn een uitstekende weergave van het ras. Al onze Doodles worden opgevoed als onderdeel van het gezin, wat je dan&hellip;\" \/>\n<meta property=\"og:url\" content=\"https:\/\/pattybakker.nl\/en\/over-ons\/\" \/>\n<meta property=\"og:site_name\" content=\"Bakker Australian Labra Doodle\" \/>\n<meta property=\"article:modified_time\" content=\"2021-12-07T15:58:54+00:00\" \/>\n<meta property=\"og:image\" content=\"https:\/\/pattybakker.nl\/wp-content\/uploads\/2021\/11\/IMG-20210625-WA0067-300x300.jpg\" \/>\n<meta name=\"twitter:card\" content=\"summary_large_image\" \/>\n<meta name=\"twitter:label1\" content=\"Estimated reading time\" \/>\n\t<meta name=\"twitter:data1\" content=\"2 minutes\" \/>\n<script type=\"application\/ld+json\" class=\"yoast-schema-graph\">{\"@context\":\"https:\/\/schema.org\",\"@graph\":[{\"@type\":\"WebPage\",\"@id\":\"https:\/\/pattybakker.nl\/over-ons\/\",\"url\":\"https:\/\/pattybakker.nl\/over-ons\/\",\"name\":\"Over ons - Bakker Australian Labra Doodle\",\"isPartOf\":{\"@id\":\"https:\/\/pattybakker.nl\/#website\"},\"primaryImageOfPage\":{\"@id\":\"https:\/\/pattybakker.nl\/over-ons\/#primaryimage\"},\"image\":{\"@id\":\"https:\/\/pattybakker.nl\/over-ons\/#primaryimage\"},\"thumbnailUrl\":\"https:\/\/pattybakker.nl\/wp-content\/uploads\/2021\/11\/IMG-20210625-WA0067-300x300.jpg\",\"datePublished\":\"2021-12-07T15:24:20+00:00\",\"dateModified\":\"2021-12-07T15:58:54+00:00\",\"breadcrumb\":{\"@id\":\"https:\/\/pattybakker.nl\/over-ons\/#breadcrumb\"},\"inLanguage\":\"en-GB\",\"potentialAction\":[{\"@type\":\"ReadAction\",\"target\":[\"https:\/\/pattybakker.nl\/over-ons\/\"]}]},{\"@type\":\"ImageObject\",\"inLanguage\":\"en-GB\",\"@id\":\"https:\/\/pattybakker.nl\/over-ons\/#primaryimage\",\"url\":\"https:\/\/pattybakker.nl\/wp-content\/uploads\/2021\/11\/IMG-20210625-WA0067-300x300.jpg\",\"contentUrl\":\"https:\/\/pattybakker.nl\/wp-content\/uploads\/2021\/11\/IMG-20210625-WA0067-300x300.jpg\"},{\"@type\":\"BreadcrumbList\",\"@id\":\"https:\/\/pattybakker.nl\/over-ons\/#breadcrumb\",\"itemListElement\":[{\"@type\":\"ListItem\",\"position\":1,\"name\":\"Home\",\"item\":\"https:\/\/pattybakker.nl\/\"},{\"@type\":\"ListItem\",\"position\":2,\"name\":\"Over ons\"}]},{\"@type\":\"WebSite\",\"@id\":\"https:\/\/pattybakker.nl\/#website\",\"url\":\"https:\/\/pattybakker.nl\/\",\"name\":\"Bakker Australian Labra Doodle\",\"description\":\"\",\"publisher\":{\"@id\":\"https:\/\/pattybakker.nl\/#organization\"},\"potentialAction\":[{\"@type\":\"SearchAction\",\"target\":{\"@type\":\"EntryPoint\",\"urlTemplate\":\"https:\/\/pattybakker.nl\/?s={search_term_string}\"},\"query-input\":{\"@type\":\"PropertyValueSpecification\",\"valueRequired\":true,\"valueName\":\"search_term_string\"}}],\"inLanguage\":\"en-GB\"},{\"@type\":\"Organization\",\"@id\":\"https:\/\/pattybakker.nl\/#organization\",\"name\":\"Patty Bakker - Australian Labradoodle Fokker\",\"url\":\"https:\/\/pattybakker.nl\/\",\"logo\":{\"@type\":\"ImageObject\",\"inLanguage\":\"en-GB\",\"@id\":\"https:\/\/pattybakker.nl\/#\/schema\/logo\/image\/\",\"url\":\"https:\/\/pattybakker.nl\/wp-content\/uploads\/2021\/02\/PattyBakker_Logo_2021-e1612435168830.png\",\"contentUrl\":\"https:\/\/pattybakker.nl\/wp-content\/uploads\/2021\/02\/PattyBakker_Logo_2021-e1612435168830.png\",\"width\":300,\"height\":52,\"caption\":\"Patty Bakker - Australian Labradoodle Fokker\"},\"image\":{\"@id\":\"https:\/\/pattybakker.nl\/#\/schema\/logo\/image\/\"},\"sameAs\":[\"https:\/\/www.instagram.com\/patty_bakker\/\"]}]}<\/script>\n<!-- \/ Yoast SEO plugin. -->","yoast_head_json":{"title":"Over ons - Bakker Australian Labra Doodle","robots":{"index":"index","follow":"follow","max-snippet":"max-snippet:-1","max-image-preview":"max-image-preview:large","max-video-preview":"max-video-preview:-1"},"canonical":"https:\/\/pattybakker.nl\/en\/over-ons\/","og_locale":"en_GB","og_type":"article","og_title":"Over ons - Bakker Australian Labra Doodle","og_description":"OVER ONS Wij zijn een klein familiebedrijf, gespecialiseerd uitsluitend in Australian Labradoodles, onze honden komen uit enkele van de meest gerespecteerde &amp; wenselijke lijnen. We zijn enorm trots op de kwaliteit die we fokken; ze zijn een uitstekende weergave van het ras. Al onze Doodles worden opgevoed als onderdeel van het gezin, wat je dan&hellip;","og_url":"https:\/\/pattybakker.nl\/en\/over-ons\/","og_site_name":"Bakker Australian Labra Doodle","article_modified_time":"2021-12-07T15:58:54+00:00","og_image":[{"url":"https:\/\/pattybakker.nl\/wp-content\/uploads\/2021\/11\/IMG-20210625-WA0067-300x300.jpg","type":"","width":"","height":""}],"twitter_card":"summary_large_image","twitter_misc":{"Estimated reading time":"2 minutes"},"schema":{"@context":"https:\/\/schema.org","@graph":[{"@type":"WebPage","@id":"https:\/\/pattybakker.nl\/over-ons\/","url":"https:\/\/pattybakker.nl\/over-ons\/","name":"Over ons - Bakker Australian Labra Doodle","isPartOf":{"@id":"https:\/\/pattybakker.nl\/#website"},"primaryImageOfPage":{"@id":"https:\/\/pattybakker.nl\/over-ons\/#primaryimage"},"image":{"@id":"https:\/\/pattybakker.nl\/over-ons\/#primaryimage"},"thumbnailUrl":"https:\/\/pattybakker.nl\/wp-content\/uploads\/2021\/11\/IMG-20210625-WA0067-300x300.jpg","datePublished":"2021-12-07T15:24:20+00:00","dateModified":"2021-12-07T15:58:54+00:00","breadcrumb":{"@id":"https:\/\/pattybakker.nl\/over-ons\/#breadcrumb"},"inLanguage":"en-GB","potentialAction":[{"@type":"ReadAction","target":["https:\/\/pattybakker.nl\/over-ons\/"]}]},{"@type":"ImageObject","inLanguage":"en-GB","@id":"https:\/\/pattybakker.nl\/over-ons\/#primaryimage","url":"https:\/\/pattybakker.nl\/wp-content\/uploads\/2021\/11\/IMG-20210625-WA0067-300x300.jpg","contentUrl":"https:\/\/pattybakker.nl\/wp-content\/uploads\/2021\/11\/IMG-20210625-WA0067-300x300.jpg"},{"@type":"BreadcrumbList","@id":"https:\/\/pattybakker.nl\/over-ons\/#breadcrumb","itemListElement":[{"@type":"ListItem","position":1,"name":"Home","item":"https:\/\/pattybakker.nl\/"},{"@type":"ListItem","position":2,"name":"Over ons"}]},{"@type":"WebSite","@id":"https:\/\/pattybakker.nl\/#website","url":"https:\/\/pattybakker.nl\/","name":"Baker Australian Labra Doodle","description":"","publisher":{"@id":"https:\/\/pattybakker.nl\/#organization"},"potentialAction":[{"@type":"SearchAction","target":{"@type":"EntryPoint","urlTemplate":"https:\/\/pattybakker.nl\/?s={search_term_string}"},"query-input":{"@type":"PropertyValueSpecification","valueRequired":true,"valueName":"search_term_string"}}],"inLanguage":"en-GB"},{"@type":"Organization","@id":"https:\/\/pattybakker.nl\/#organization","name":"Patty Bakker - Australian Labradoodle Fokker","url":"https:\/\/pattybakker.nl\/","logo":{"@type":"ImageObject","inLanguage":"en-GB","@id":"https:\/\/pattybakker.nl\/#\/schema\/logo\/image\/","url":"https:\/\/pattybakker.nl\/wp-content\/uploads\/2021\/02\/PattyBakker_Logo_2021-e1612435168830.png","contentUrl":"https:\/\/pattybakker.nl\/wp-content\/uploads\/2021\/02\/PattyBakker_Logo_2021-e1612435168830.png","width":300,"height":52,"caption":"Patty Bakker - Australian Labradoodle Fokker"},"image":{"@id":"https:\/\/pattybakker.nl\/#\/schema\/logo\/image\/"},"sameAs":["https:\/\/www.instagram.com\/patty_bakker\/"]}]}},"_links":{"self":[{"href":"https:\/\/pattybakker.nl\/en\/wp-json\/wp\/v2\/pages\/4843","targetHints":{"allow":["GET"]}}],"collection":[{"href":"https:\/\/pattybakker.nl\/en\/wp-json\/wp\/v2\/pages"}],"about":[{"href":"https:\/\/pattybakker.nl\/en\/wp-json\/wp\/v2\/types\/page"}],"author":[{"embeddable":true,"href":"https:\/\/pattybakker.nl\/en\/wp-json\/wp\/v2\/users\/8"}],"replies":[{"embeddable":true,"href":"https:\/\/pattybakker.nl\/en\/wp-json\/wp\/v2\/comments?post=4843"}],"version-history":[{"count":3,"href":"https:\/\/pattybakker.nl\/en\/wp-json\/wp\/v2\/pages\/4843\/revisions"}],"predecessor-version":[{"id":4854,"href":"https:\/\/pattybakker.nl\/en\/wp-json\/wp\/v2\/pages\/4843\/revisions\/4854"}],"wp:attachment":[{"href":"https:\/\/pattybakker.nl\/en\/wp-json\/wp\/v2\/media?parent=4843"}],"curies":[{"name":"wp","href":"https:\/\/api.w.org\/{rel}","templated":true}]}}